{"id":1035,"date":"2023-02-09T19:50:25","date_gmt":"2023-02-09T18:50:25","guid":{"rendered":"https:\/\/hypnose-orleans.fr\/?page_id=1035"},"modified":"2025-09-07T11:17:05","modified_gmt":"2025-09-07T10:17:05","slug":"l-hypnose","status":"publish","type":"page","link":"https:\/\/hypnose-orleans.fr\/index.php\/l-hypnose\/","title":{"rendered":"L&rsquo;hypnose"},"content":{"rendered":"\t\t<div data-elementor-type=\"wp-page\" data-elementor-id=\"1035\" class=\"elementor elementor-1035\">\n\t\t\t\t\t\t<section class=\"elementor-section elementor-top-section elementor-element elementor-element-8af551c elementor-section-stretched elementor-section-boxed elementor-section-height-default elementor-section-height-default\" data-id=\"8af551c\" data-element_type=\"section\" data-e-type=\"section\" data-settings=\"{&quot;background_background&quot;:&quot;classic&quot;,&quot;stretch_section&quot;:&quot;section-stretched&quot;}\">\n\t\t\t\t\t\t<div class=\"elementor-container elementor-column-gap-default\">\n\t\t\t\t\t<div class=\"elementor-column elementor-col-100 elementor-top-column elementor-element elementor-element-60a6709\" data-id=\"60a6709\" data-element_type=\"column\" data-e-type=\"column\" data-settings=\"{&quot;background_background&quot;:&quot;classic&quot;}\">\n\t\t\t<div class=\"elementor-widget-wrap elementor-element-populated\">\n\t\t\t\t\t\t<div class=\"elementor-element elementor-element-247a986 elementor-mobile-align-center elementor-widget elementor-widget-button\" data-id=\"247a986\" data-element_type=\"widget\" data-e-type=\"widget\" data-widget_type=\"button.default\">\n\t\t\t\t<div class=\"elementor-widget-container\">\n\t\t\t\t\t\t\t\t\t<div class=\"elementor-button-wrapper\">\n\t\t\t\t\t<a class=\"elementor-button elementor-button-link elementor-size-sm\" href=\"https:\/\/calendly.com\/valeriel-hypnose\" target=\"_blank\">\n\t\t\t\t\t\t<span class=\"elementor-button-content-wrapper\">\n\t\t\t\t\t\t<span class=\"elementor-button-icon\">\n\t\t\t\t<i aria-hidden=\"true\" class=\"far fa-calendar-alt\"><\/i>\t\t\t<\/span>\n\t\t\t\t\t\t\t\t\t<span class=\"elementor-button-text\">Prendre rendez-vous<\/span>\n\t\t\t\t\t<\/span>\n\t\t\t\t\t<\/a>\n\t\t\t\t<\/div>\n\t\t\t\t\t\t\t\t<\/div>\n\t\t\t\t<\/div>\n\t\t\t\t<div class=\"elementor-element elementor-element-2d40717 elementor-widget elementor-widget-text-editor\" data-id=\"2d40717\" data-element_type=\"widget\" data-e-type=\"widget\" data-settings=\"{&quot;_animation_mobile&quot;:&quot;none&quot;}\" data-widget_type=\"text-editor.default\">\n\t\t\t\t<div class=\"elementor-widget-container\">\n\t\t\t\t\t\t\t\t\t<p class=\"has-text-align-center\" style=\"text-align: center;\"><strong>La m\u00e9thode SAJECE<br \/><\/strong><\/p><p style=\"text-align: center;\">M\u00e9thode douce et bienveillante invent\u00e9e en 2009 par Camille GRISELIN, l\u2019hypnose SAJECE permet de reprogrammer l\u2019inconscient en nuan\u00e7ant, diluant, voire en supprimant certains programmes et d\u2019en installer de nouveaux qui agiront en votre faveur.<\/p><p style=\"text-align: center;\">Vous allez vous lib\u00e9rer des croyances, blocages, fid\u00e9lit\u00e9s inconscientes, mauvaises associations et programmations n\u00e9gatives acquises inconsciemment au fil des ann\u00e9es.<\/p><p style=\"text-align: center;\">Mes s\u00e9ances personnalis\u00e9es renferment des messages destin\u00e9s \u00e0 votre inconscient. Ce dernier, garant de votre bien-\u00eatre, prendra ce dont il aura besoin pour effectuer les changements n\u00e9cessaires \u00e0 votre \u00e9panouissement personnel.<\/p>\t\t\t\t\t\t\t\t<\/div>\n\t\t\t\t<\/div>\n\t\t\t\t<div class=\"elementor-element elementor-element-4ca78b9 elementor-widget elementor-widget-text-editor\" data-id=\"4ca78b9\" data-element_type=\"widget\" data-e-type=\"widget\" data-settings=\"{&quot;_animation_mobile&quot;:&quot;none&quot;}\" data-widget_type=\"text-editor.default\">\n\t\t\t\t<div class=\"elementor-widget-container\">\n\t\t\t\t\t\t\t\t\t<p class=\"has-text-align-center\" style=\"text-align: center;\"><strong>Quels th\u00e8mes ?<\/strong><\/p><p style=\"text-align: center;\">Nous pouvons tout demander \u00e0 l\u2019inconscient, mais c\u2019est lui qui d\u00e9cidera ce qui est le meilleur pour nous et sur quoi il travaillera en priorit\u00e9.<\/p><p style=\"text-align: center;\">Voici les th\u00e8mes sur lesquels nous pouvons agir lors d\u2019une s\u00e9ance :<br \/>La confiance en soi, le l\u00e2cher-prise, l\u2019estime de soi, la gestion des \u00e9motions, l\u2019hypersensibilit\u00e9, le stress, la d\u00e9pression, le deuil, les angoisses, l\u2019anxi\u00e9t\u00e9.<\/p><p style=\"text-align: center;\">Les troubles alimentaires, les probl\u00e8mes de peau, les douleurs chroniques (migraines, dos, intestins), les troubles du sommeil<br \/>Les addictions et les phobies.<\/p>\t\t\t\t\t\t\t\t<\/div>\n\t\t\t\t<\/div>\n\t\t\t\t<div class=\"elementor-element elementor-element-256fb12 elementor-widget elementor-widget-text-editor\" data-id=\"256fb12\" data-element_type=\"widget\" data-e-type=\"widget\" data-settings=\"{&quot;_animation_mobile&quot;:&quot;none&quot;}\" data-widget_type=\"text-editor.default\">\n\t\t\t\t<div class=\"elementor-widget-container\">\n\t\t\t\t\t\t\t\t\t<p style=\"text-align: center;\"><strong>RAPPEL<\/strong><\/p>\n<p style=\"text-align: center;\">Je ne suis pas m\u00e9decin, je ne vous demanderai jamais de modifier ou d\u2019interrompre un traitement, ni n\u2019\u00e9mettrai de diagnostic.<\/p>\n<p style=\"text-align: center;\">Je vous orienterai vers un professionnel de la sant\u00e9 en cas de besoin ou de question \u00e0 ce sujet.<\/p>\n<p style=\"text-align: center;\">Je vous propose uniquement un accompagnement \u00e9motionnel.<\/p>\n<p>\u00a0<\/p>\t\t\t\t\t\t\t\t<\/div>\n\t\t\t\t<\/div>\n\t\t\t\t<div class=\"elementor-element elementor-element-7788256 elementor-arrows-position-inside elementor-pagination-position-outside elementor-widget elementor-widget-image-carousel\" data-id=\"7788256\" data-element_type=\"widget\" data-e-type=\"widget\" data-settings=\"{&quot;slides_to_show_mobile&quot;:&quot;1&quot;,&quot;navigation&quot;:&quot;both&quot;,&quot;autoplay&quot;:&quot;yes&quot;,&quot;pause_on_hover&quot;:&quot;yes&quot;,&quot;pause_on_interaction&quot;:&quot;yes&quot;,&quot;autoplay_speed&quot;:5000,&quot;infinite&quot;:&quot;yes&quot;,&quot;speed&quot;:500}\" data-widget_type=\"image-carousel.default\">\n\t\t\t\t<div class=\"elementor-widget-container\">\n\t\t\t\t\t\t\t<div class=\"elementor-image-carousel-wrapper swiper\" role=\"region\" aria-roledescription=\"carousel\" aria-label=\"Carrousel d\u2019images\" dir=\"ltr\">\n\t\t\t<div class=\"elementor-image-carousel swiper-wrapper\" aria-live=\"off\">\n\t\t\t\t\t\t\t\t<div class=\"swiper-slide\" role=\"group\" aria-roledescription=\"slide\" aria-label=\"1 sur 6\"><figure class=\"swiper-slide-inner\"><img decoding=\"async\" class=\"swiper-slide-image\" src=\"https:\/\/hypnose-orleans.fr\/wp-content\/uploads\/2023\/03\/1666176959444-300x290.jpg\" alt=\"1666176959444\" \/><\/figure><\/div><div class=\"swiper-slide\" role=\"group\" aria-roledescription=\"slide\" aria-label=\"2 sur 6\"><figure class=\"swiper-slide-inner\"><img decoding=\"async\" class=\"swiper-slide-image\" src=\"https:\/\/hypnose-orleans.fr\/wp-content\/uploads\/2023\/03\/IMG_20220601_222158-300x234.jpg\" alt=\"IMG_20220601_222158\" \/><\/figure><\/div><div class=\"swiper-slide\" role=\"group\" aria-roledescription=\"slide\" aria-label=\"3 sur 6\"><figure class=\"swiper-slide-inner\"><img decoding=\"async\" class=\"swiper-slide-image\" src=\"https:\/\/hypnose-orleans.fr\/wp-content\/uploads\/2023\/03\/Screenshot_20210918_184944-283x300.jpg\" alt=\"Screenshot_20210918_184944\" \/><\/figure><\/div><div class=\"swiper-slide\" role=\"group\" aria-roledescription=\"slide\" aria-label=\"4 sur 6\"><figure class=\"swiper-slide-inner\"><img decoding=\"async\" class=\"swiper-slide-image\" src=\"https:\/\/hypnose-orleans.fr\/wp-content\/uploads\/2023\/03\/IMG_20220630_175614-300x225.jpg\" alt=\"IMG_20220630_175614\" \/><\/figure><\/div><div class=\"swiper-slide\" role=\"group\" aria-roledescription=\"slide\" aria-label=\"5 sur 6\"><figure class=\"swiper-slide-inner\"><img decoding=\"async\" class=\"swiper-slide-image\" src=\"https:\/\/hypnose-orleans.fr\/wp-content\/uploads\/2024\/05\/INTUITION-300x297.jpg\" alt=\"INTUITION\" \/><\/figure><\/div><div class=\"swiper-slide\" role=\"group\" aria-roledescription=\"slide\" aria-label=\"6 sur 6\"><figure class=\"swiper-slide-inner\"><img decoding=\"async\" class=\"swiper-slide-image\" src=\"https:\/\/hypnose-orleans.fr\/wp-content\/uploads\/2024\/05\/Screenshot_20240324_133138_edit_730795600365865-300x272.jpg\" alt=\"Screenshot_20240324_133138_edit_730795600365865\" \/><\/figure><\/div>\t\t\t<\/div>\n\t\t\t\t\t\t\t\t\t\t\t\t<div class=\"elementor-swiper-button elementor-swiper-button-prev\" role=\"button\" tabindex=\"0\">\n\t\t\t\t\t\t<i aria-hidden=\"true\" class=\"eicon-chevron-left\"><\/i>\t\t\t\t\t<\/div>\n\t\t\t\t\t<div class=\"elementor-swiper-button elementor-swiper-button-next\" role=\"button\" tabindex=\"0\">\n\t\t\t\t\t\t<i aria-hidden=\"true\" class=\"eicon-chevron-right\"><\/i>\t\t\t\t\t<\/div>\n\t\t\t\t\n\t\t\t\t\t\t\t\t\t<div class=\"swiper-pagination\"><\/div>\n\t\t\t\t\t\t\t\t\t<\/div>\n\t\t\t\t\t\t<\/div>\n\t\t\t\t<\/div>\n\t\t\t\t\t<\/div>\n\t\t<\/div>\n\t\t\t\t\t<\/div>\n\t\t<\/section>\n\t\t\t\t<\/div>\n\t\t","protected":false},"excerpt":{"rendered":"<p>Prendre rendez-vous La m\u00e9thode SAJECE M\u00e9thode douce et bienveillante invent\u00e9e en 2009 par Camille GRISELIN, l\u2019hypnose SAJECE permet de reprogrammer l\u2019inconscient en nuan\u00e7ant, diluant, voire en supprimant certains programmes et &hellip; <\/p>\n","protected":false},"author":1,"featured_media":4266,"parent":0,"menu_order":0,"comment_status":"closed","ping_status":"closed","template":"","meta":{"footnotes":""},"class_list":["post-1035","page","type-page","status-publish","has-post-thumbnail","hentry"],"aioseo_notices":[],"_links":{"self":[{"href":"https:\/\/hypnose-orleans.fr\/index.php\/wp-json\/wp\/v2\/pages\/1035","targetHints":{"allow":["GET"]}}],"collection":[{"href":"https:\/\/hypnose-orleans.fr\/index.php\/wp-json\/wp\/v2\/pages"}],"about":[{"href":"https:\/\/hypnose-orleans.fr\/index.php\/wp-json\/wp\/v2\/types\/page"}],"author":[{"embeddable":true,"href":"https:\/\/hypnose-orleans.fr\/index.php\/wp-json\/wp\/v2\/users\/1"}],"replies":[{"embeddable":true,"href":"https:\/\/hypnose-orleans.fr\/index.php\/wp-json\/wp\/v2\/comments?post=1035"}],"version-history":[{"count":366,"href":"https:\/\/hypnose-orleans.fr\/index.php\/wp-json\/wp\/v2\/pages\/1035\/revisions"}],"predecessor-version":[{"id":4308,"href":"https:\/\/hypnose-orleans.fr\/index.php\/wp-json\/wp\/v2\/pages\/1035\/revisions\/4308"}],"wp:featuredmedia":[{"embeddable":true,"href":"https:\/\/hypnose-orleans.fr\/index.php\/wp-json\/wp\/v2\/media\/4266"}],"wp:attachment":[{"href":"https:\/\/hypnose-orleans.fr\/index.php\/wp-json\/wp\/v2\/media?parent=1035"}],"curies":[{"name":"wp","href":"https:\/\/api.w.org\/{rel}","templated":true}]}}