{"id":1036,"date":"2023-02-09T19:50:25","date_gmt":"2023-02-09T18:50:25","guid":{"rendered":"https:\/\/hypnose-orleans.fr\/?page_id=1036"},"modified":"2026-05-03T09:25:02","modified_gmt":"2026-05-03T08:25:02","slug":"actualites","status":"publish","type":"page","link":"https:\/\/hypnose-orleans.fr\/index.php\/actualites\/","title":{"rendered":"Actualit\u00e9s"},"content":{"rendered":"\t\t<div data-elementor-type=\"wp-page\" data-elementor-id=\"1036\" class=\"elementor elementor-1036\">\n\t\t\t\t\t\t<section class=\"elementor-section elementor-top-section elementor-element elementor-element-493f710 elementor-section-full_width elementor-section-stretched elementor-section-height-default elementor-section-height-default\" data-id=\"493f710\" data-element_type=\"section\" data-e-type=\"section\" data-settings=\"{&quot;background_background&quot;:&quot;classic&quot;,&quot;stretch_section&quot;:&quot;section-stretched&quot;}\">\n\t\t\t\t\t\t<div class=\"elementor-container elementor-column-gap-default\">\n\t\t\t\t\t<div class=\"elementor-column elementor-col-100 elementor-top-column elementor-element elementor-element-6f82c07\" data-id=\"6f82c07\" data-element_type=\"column\" data-e-type=\"column\" data-settings=\"{&quot;background_background&quot;:&quot;classic&quot;}\">\n\t\t\t<div class=\"elementor-widget-wrap elementor-element-populated\">\n\t\t\t\t\t\t<div class=\"elementor-element elementor-element-635c814 e-transform elementor-widget elementor-widget-text-editor\" data-id=\"635c814\" data-element_type=\"widget\" data-e-type=\"widget\" data-settings=\"{&quot;_animation_mobile&quot;:&quot;none&quot;,&quot;_transform_rotateZ_effect_hover&quot;:{&quot;unit&quot;:&quot;px&quot;,&quot;size&quot;:&quot;&quot;,&quot;sizes&quot;:[]},&quot;_transform_rotateZ_effect_hover_tablet&quot;:{&quot;unit&quot;:&quot;deg&quot;,&quot;size&quot;:&quot;&quot;,&quot;sizes&quot;:[]},&quot;_transform_rotateZ_effect_hover_mobile&quot;:{&quot;unit&quot;:&quot;deg&quot;,&quot;size&quot;:&quot;&quot;,&quot;sizes&quot;:[]}}\" data-widget_type=\"text-editor.default\">\n\t\t\t\t<div class=\"elementor-widget-container\">\n\t\t\t\t\t\t\t\t\t<h6 style=\"text-align: center;\">\u00a0<\/h6><h6 style=\"text-align: center;\"><img decoding=\"async\" src=\"https:\/\/hypnose-orleans.fr\/wp-content\/uploads\/2024\/08\/logo-abeille.jpg\" alt=\"\" width=\"175\" height=\"173\" \/><\/h6><p style=\"text-align: center;\">&#8212;&#8212;&#8212;&#8212;&#8212;&#8212;&#8212;&#8212;&#8212;<\/p><p style=\"text-align: center;\"><strong>S\u00e9ance collective d&rsquo;hypnose <\/strong><\/p><p style=\"text-align: center;\">\u00e0 l&rsquo;H\u00f4tel de l&rsquo;Abeille \u00e0 Orl\u00e9ans<\/p><p style=\"text-align: center;\">un samedi par mois<\/p><p style=\"text-align: center;\">1 s\u00e9ance + 1 atelier<\/p><p style=\"text-align: center;\">de 10h00 \u00e0 12h00<\/p><p style=\"text-align: center;\">participation 30 euros<\/p><p style=\"text-align: center;\">&#8212;&#8212;&#8212;&#8212;&#8212;&#8212;&#8212;&#8212;&#8212;<\/p><p style=\"text-align: center;\"><strong>prochaine s\u00e9ance<\/strong><\/p><p style=\"text-align: center;\"><strong><span style=\"color: #ffcc00;\">samedi 23 mai 2026<\/span><\/strong><\/p><p style=\"text-align: center;\"><em><span style=\"color: #ffcc00;\"><strong>\u00ab\u00a0Et si vous arr\u00eatiez de vous saboter\u00a0\u00bb<\/strong><\/span><\/em><\/p><h6><img fetchpriority=\"high\" decoding=\"async\" class=\"size-medium wp-image-4374 aligncenter\" src=\"https:\/\/hypnose-orleans.fr\/wp-content\/uploads\/2026\/05\/Collective-MAI-300x300.jpg\" alt=\"\" width=\"300\" height=\"300\" srcset=\"https:\/\/hypnose-orleans.fr\/wp-content\/uploads\/2026\/05\/Collective-MAI-300x300.jpg 300w, https:\/\/hypnose-orleans.fr\/wp-content\/uploads\/2026\/05\/Collective-MAI-1024x1024.jpg 1024w, https:\/\/hypnose-orleans.fr\/wp-content\/uploads\/2026\/05\/Collective-MAI-150x150.jpg 150w, https:\/\/hypnose-orleans.fr\/wp-content\/uploads\/2026\/05\/Collective-MAI-768x768.jpg 768w, https:\/\/hypnose-orleans.fr\/wp-content\/uploads\/2026\/05\/Collective-MAI-45x45.jpg 45w, https:\/\/hypnose-orleans.fr\/wp-content\/uploads\/2026\/05\/Collective-MAI.jpg 1080w\" sizes=\"(max-width: 300px) 100vw, 300px\" \/><\/h6><p style=\"text-align: center;\">&#8212;&#8212;&#8212;&#8212;&#8212;&#8212;&#8212;&#8212;&#8212;<\/p><div style=\"text-align: center;\"><strong>Prochaine date<\/strong><\/div><div style=\"text-align: center;\">\u00a0<\/div><div style=\"text-align: center;\">samedi 20 juin<\/div><div>\u00a0<\/div><div style=\"text-align: center;\">&#8212;&#8212;&#8212;&#8212;&#8212;&#8212;&#8212;&#8212;&#8212;<\/div><div>\u00a0<\/div><div style=\"text-align: center;\">Inscriptions par MP<\/div><div style=\"text-align: center;\">ou par t\u00e9l\u00e9phone au<\/div><div style=\"text-align: center;\">06 87 42 20 08<\/div>\t\t\t\t\t\t\t\t<\/div>\n\t\t\t\t<\/div>\n\t\t\t\t<div class=\"elementor-element elementor-element-4ade946 elementor-widget elementor-widget-text-editor\" data-id=\"4ade946\" data-element_type=\"widget\" data-e-type=\"widget\" data-settings=\"{&quot;_animation_mobile&quot;:&quot;none&quot;}\" data-widget_type=\"text-editor.default\">\n\t\t\t\t<div class=\"elementor-widget-container\">\n\t\t\t\t\t\t\t\t\t<p style=\"text-align: center;\"><strong>Live : chassez les id\u00e9es re\u00e7ues sur l&rsquo;hypnose<br \/><\/strong><\/p><p style=\"text-align: center;\"><a href=\"https:\/\/www.instagram.com\/p\/CuEjfVyKdTh\/\"><img decoding=\"async\" class=\"aligncenter wp-image-2931 size-medium\" src=\"https:\/\/hypnose-orleans.fr\/wp-content\/uploads\/2023\/07\/live-212x300.jpg\" alt=\"\" width=\"212\" height=\"300\" srcset=\"https:\/\/hypnose-orleans.fr\/wp-content\/uploads\/2023\/07\/live-212x300.jpg 212w, https:\/\/hypnose-orleans.fr\/wp-content\/uploads\/2023\/07\/live-42x60.jpg 42w, https:\/\/hypnose-orleans.fr\/wp-content\/uploads\/2023\/07\/live.jpg 344w\" sizes=\"(max-width: 212px) 100vw, 212px\" \/><\/a><\/p>\t\t\t\t\t\t\t\t<\/div>\n\t\t\t\t<\/div>\n\t\t\t\t\t<\/div>\n\t\t<\/div>\n\t\t\t\t\t<\/div>\n\t\t<\/section>\n\t\t\t\t<\/div>\n\t\t","protected":false},"excerpt":{"rendered":"<p>\u00a0 &#8212;&#8212;&#8212;&#8212;&#8212;&#8212;&#8212;&#8212;&#8212; S\u00e9ance collective d&rsquo;hypnose \u00e0 l&rsquo;H\u00f4tel de l&rsquo;Abeille \u00e0 Orl\u00e9ans un samedi par mois 1 s\u00e9ance + 1 atelier de 10h00 \u00e0 12h00 participation 30 euros &#8212;&#8212;&#8212;&#8212;&#8212;&#8212;&#8212;&#8212;&#8212; prochaine s\u00e9ance &hellip; <\/p>\n","protected":false},"author":1,"featured_media":4266,"parent":0,"menu_order":0,"comment_status":"closed","ping_status":"closed","template":"","meta":{"footnotes":""},"class_list":["post-1036","page","type-page","status-publish","has-post-thumbnail","hentry"],"aioseo_notices":[],"_links":{"self":[{"href":"https:\/\/hypnose-orleans.fr\/index.php\/wp-json\/wp\/v2\/pages\/1036","targetHints":{"allow":["GET"]}}],"collection":[{"href":"https:\/\/hypnose-orleans.fr\/index.php\/wp-json\/wp\/v2\/pages"}],"about":[{"href":"https:\/\/hypnose-orleans.fr\/index.php\/wp-json\/wp\/v2\/types\/page"}],"author":[{"embeddable":true,"href":"https:\/\/hypnose-orleans.fr\/index.php\/wp-json\/wp\/v2\/users\/1"}],"replies":[{"embeddable":true,"href":"https:\/\/hypnose-orleans.fr\/index.php\/wp-json\/wp\/v2\/comments?post=1036"}],"version-history":[{"count":929,"href":"https:\/\/hypnose-orleans.fr\/index.php\/wp-json\/wp\/v2\/pages\/1036\/revisions"}],"predecessor-version":[{"id":4380,"href":"https:\/\/hypnose-orleans.fr\/index.php\/wp-json\/wp\/v2\/pages\/1036\/revisions\/4380"}],"wp:featuredmedia":[{"embeddable":true,"href":"https:\/\/hypnose-orleans.fr\/index.php\/wp-json\/wp\/v2\/media\/4266"}],"wp:attachment":[{"href":"https:\/\/hypnose-orleans.fr\/index.php\/wp-json\/wp\/v2\/media?parent=1036"}],"curies":[{"name":"wp","href":"https:\/\/api.w.org\/{rel}","templated":true}]}}