{"id":1039,"date":"2023-02-09T19:50:25","date_gmt":"2023-02-09T18:50:25","guid":{"rendered":"https:\/\/hypnose-orleans.fr\/?page_id=1039"},"modified":"2025-09-07T11:16:05","modified_gmt":"2025-09-07T10:16:05","slug":"infos-pratiques","status":"publish","type":"page","link":"https:\/\/hypnose-orleans.fr\/index.php\/infos-pratiques\/","title":{"rendered":"Infos pratiques"},"content":{"rendered":"\t\t<div data-elementor-type=\"wp-page\" data-elementor-id=\"1039\" class=\"elementor elementor-1039\">\n\t\t\t\t\t\t<section class=\"elementor-section elementor-top-section elementor-element elementor-element-83205f5 elementor-section-stretched elementor-section-boxed elementor-section-height-default elementor-section-height-default\" data-id=\"83205f5\" data-element_type=\"section\" data-e-type=\"section\" data-settings=\"{&quot;background_background&quot;:&quot;classic&quot;,&quot;stretch_section&quot;:&quot;section-stretched&quot;}\">\n\t\t\t\t\t\t<div class=\"elementor-container elementor-column-gap-default\">\n\t\t\t\t\t<div class=\"elementor-column elementor-col-100 elementor-top-column elementor-element elementor-element-e47bdbc\" data-id=\"e47bdbc\" data-element_type=\"column\" data-e-type=\"column\" data-settings=\"{&quot;background_background&quot;:&quot;classic&quot;}\">\n\t\t\t<div class=\"elementor-widget-wrap elementor-element-populated\">\n\t\t\t\t\t\t<div class=\"elementor-element elementor-element-6c65854 elementor-mobile-align-center elementor-widget elementor-widget-button\" data-id=\"6c65854\" data-element_type=\"widget\" data-e-type=\"widget\" data-widget_type=\"button.default\">\n\t\t\t\t<div class=\"elementor-widget-container\">\n\t\t\t\t\t\t\t\t\t<div class=\"elementor-button-wrapper\">\n\t\t\t\t\t<a class=\"elementor-button elementor-button-link elementor-size-sm\" href=\"https:\/\/calendly.com\/valeriel-hypnose\/\" target=\"_blank\">\n\t\t\t\t\t\t<span class=\"elementor-button-content-wrapper\">\n\t\t\t\t\t\t<span class=\"elementor-button-icon\">\n\t\t\t\t<i aria-hidden=\"true\" class=\"far fa-calendar-alt\"><\/i>\t\t\t<\/span>\n\t\t\t\t\t\t\t\t\t<span class=\"elementor-button-text\">Prendre rendez-vous<\/span>\n\t\t\t\t\t<\/span>\n\t\t\t\t\t<\/a>\n\t\t\t\t<\/div>\n\t\t\t\t\t\t\t\t<\/div>\n\t\t\t\t<\/div>\n\t\t\t\t<div class=\"elementor-element elementor-element-4571685 elementor-widget elementor-widget-text-editor\" data-id=\"4571685\" data-element_type=\"widget\" data-e-type=\"widget\" data-settings=\"{&quot;_animation_mobile&quot;:&quot;none&quot;}\" data-widget_type=\"text-editor.default\">\n\t\t\t\t<div class=\"elementor-widget-container\">\n\t\t\t\t\t\t\t\t\t<p class=\"has-text-align-center\" style=\"text-align: center;\"><strong>Tarif<\/strong><\/p><p style=\"text-align: center;\">S\u00e9ance adulte \/ adolescent : 75 \u20ac<\/p><p style=\"text-align: center;\">Chaque s\u00e9ance est enti\u00e8rement personnalis\u00e9e et cr\u00e9\u00e9e selon vos besoins.<\/p><p style=\"text-align: center;\">Le tarif inclut le temps de pr\u00e9paration de la s\u00e9ance.<\/p><p style=\"text-align: center;\">R\u00e8glement par ch\u00e8que ou esp\u00e8ces.<\/p><p style=\"text-align: center;\">Les consultations d\u2019hypnose peuvent faire l\u2019objet d\u2019un remboursement total ou partiel de la part de votre mutuelle. Pensez \u00e0 me demander une facture.<\/p>\t\t\t\t\t\t\t\t<\/div>\n\t\t\t\t<\/div>\n\t\t\t\t<div class=\"elementor-element elementor-element-d31f654 elementor-widget elementor-widget-text-editor\" data-id=\"d31f654\" data-element_type=\"widget\" data-e-type=\"widget\" data-settings=\"{&quot;_animation_mobile&quot;:&quot;none&quot;}\" data-widget_type=\"text-editor.default\">\n\t\t\t\t<div class=\"elementor-widget-container\">\n\t\t\t\t\t\t\t\t\t<p class=\"has-text-align-center\" style=\"text-align: center;\"><strong>Horaires<\/strong><\/p>\n<p style=\"text-align: center;\"><!-- \/wp:paragraph --><!-- wp:paragraph {\"align\":\"center\"} --><\/p>\n<p class=\"has-text-align-center\" style=\"text-align: center;\">lundi &#8211; vendredi : 9h00 &#8211; 19h00<\/p>\n<p style=\"text-align: center;\">samedi : 9h00 &#8211; 12h00<\/p>\n<p style=\"text-align: center;\"><!-- \/wp:paragraph --><!-- wp:paragraph {\"align\":\"center\"} --><\/p>\t\t\t\t\t\t\t\t<\/div>\n\t\t\t\t<\/div>\n\t\t\t\t<div class=\"elementor-element elementor-element-6e11543 elementor-widget elementor-widget-text-editor\" data-id=\"6e11543\" data-element_type=\"widget\" data-e-type=\"widget\" data-settings=\"{&quot;_animation_mobile&quot;:&quot;none&quot;}\" data-widget_type=\"text-editor.default\">\n\t\t\t\t<div class=\"elementor-widget-container\">\n\t\t\t\t\t\t\t\t\t<p class=\"has-text-align-center\" style=\"text-align: center;\"><strong>Les s\u00e9ances se d\u00e9roulent<\/strong> <strong>au cabinet <\/strong><strong>ou en visio<\/strong><strong> (un lien vous sera envoy\u00e9 pour vous connecter, cela ne n\u00e9cessite pas d\u2019installation).<\/strong><\/p>\n<p><!-- \/wp:paragraph --><!-- wp:freeform --><\/p>\n<p style=\"text-align: center;\">9 clos des G\u00e2tinettes<\/p>\n<p style=\"text-align: center;\">45590 Saint Cyr en Val<\/p>\n<p style=\"text-align: center;\">06 87 42 20 08<\/p>\n<p style=\"text-align: center;\">Merci de vous garer devant le portail<\/p>\n<hr \/>\n<p class=\"has-text-align-center\" style=\"text-align: center;\">Acc\u00e8s rapide depuis Orl\u00e9ans par l&rsquo;avenue Gaston Galloux<\/p>\n<p style=\"text-align: center;\"><!-- \/wp:paragraph --><!-- wp:paragraph {\"align\":\"center\"} --><\/p>\n<p class=\"has-text-align-center\" style=\"text-align: center;\">Bus et Tram \u00e0 proximit\u00e9 du Parc Floral<\/p>\n<p style=\"text-align: center;\"><span style=\"text-decoration: underline;\">Zones desservies :<\/span><\/p>\n<p style=\"text-align: center;\">Olivet, Ch\u00e9cy, Orl\u00e9ans, Sandillon, Saint Cyr en Val, Saint Denis en Val, Saint Jean le Blanc, Saint Jean de Braye, La Fert\u00e9 Saint Aubin, Saint Pryv\u00e9 Saint Mesmin, Saint Hilaire Saint Mesmin<\/p>\n<p><img fetchpriority=\"high\" decoding=\"async\" class=\"alignnone size-medium wp-image-1793\" src=\"https:\/\/hypnose-orleans.fr\/wp-content\/uploads\/2023\/03\/plan-300x209.png\" alt=\"\" width=\"300\" height=\"209\" srcset=\"https:\/\/hypnose-orleans.fr\/wp-content\/uploads\/2023\/03\/plan-300x209.png 300w, https:\/\/hypnose-orleans.fr\/wp-content\/uploads\/2023\/03\/plan-86x60.png 86w, https:\/\/hypnose-orleans.fr\/wp-content\/uploads\/2023\/03\/plan.png 540w\" sizes=\"(max-width: 300px) 100vw, 300px\" \/><\/p>\n<p style=\"text-align: center;\"><em>Siret : 90960861400014 &#8211; APE : 9609<\/em><\/p>\t\t\t\t\t\t\t\t<\/div>\n\t\t\t\t<\/div>\n\t\t\t\t\t<\/div>\n\t\t<\/div>\n\t\t\t\t\t<\/div>\n\t\t<\/section>\n\t\t\t\t<\/div>\n\t\t","protected":false},"excerpt":{"rendered":"<p>Prendre rendez-vous Tarif S\u00e9ance adulte \/ adolescent : 75 \u20ac Chaque s\u00e9ance est enti\u00e8rement personnalis\u00e9e et cr\u00e9\u00e9e selon vos besoins. Le tarif inclut le temps de pr\u00e9paration de la s\u00e9ance. &hellip; <\/p>\n","protected":false},"author":1,"featured_media":4266,"parent":0,"menu_order":-50,"comment_status":"closed","ping_status":"closed","template":"","meta":{"footnotes":""},"class_list":["post-1039","page","type-page","status-publish","has-post-thumbnail","hentry"],"aioseo_notices":[],"_links":{"self":[{"href":"https:\/\/hypnose-orleans.fr\/index.php\/wp-json\/wp\/v2\/pages\/1039","targetHints":{"allow":["GET"]}}],"collection":[{"href":"https:\/\/hypnose-orleans.fr\/index.php\/wp-json\/wp\/v2\/pages"}],"about":[{"href":"https:\/\/hypnose-orleans.fr\/index.php\/wp-json\/wp\/v2\/types\/page"}],"author":[{"embeddable":true,"href":"https:\/\/hypnose-orleans.fr\/index.php\/wp-json\/wp\/v2\/users\/1"}],"replies":[{"embeddable":true,"href":"https:\/\/hypnose-orleans.fr\/index.php\/wp-json\/wp\/v2\/comments?post=1039"}],"version-history":[{"count":342,"href":"https:\/\/hypnose-orleans.fr\/index.php\/wp-json\/wp\/v2\/pages\/1039\/revisions"}],"predecessor-version":[{"id":4292,"href":"https:\/\/hypnose-orleans.fr\/index.php\/wp-json\/wp\/v2\/pages\/1039\/revisions\/4292"}],"wp:featuredmedia":[{"embeddable":true,"href":"https:\/\/hypnose-orleans.fr\/index.php\/wp-json\/wp\/v2\/media\/4266"}],"wp:attachment":[{"href":"https:\/\/hypnose-orleans.fr\/index.php\/wp-json\/wp\/v2\/media?parent=1039"}],"curies":[{"name":"wp","href":"https:\/\/api.w.org\/{rel}","templated":true}]}}