{"id":1539,"date":"2023-03-04T18:50:31","date_gmt":"2023-03-04T17:50:31","guid":{"rendered":"https:\/\/hypnose-orleans.fr\/?page_id=1539"},"modified":"2025-09-07T11:26:24","modified_gmt":"2025-09-07T10:26:24","slug":"votre-seance","status":"publish","type":"page","link":"https:\/\/hypnose-orleans.fr\/index.php\/votre-seance\/","title":{"rendered":"Votre s\u00e9ance"},"content":{"rendered":"\t\t<div data-elementor-type=\"wp-page\" data-elementor-id=\"1539\" class=\"elementor elementor-1539\">\n\t\t\t\t\t\t<section class=\"elementor-section elementor-top-section elementor-element elementor-element-8ce6f91 elementor-section-stretched elementor-section-boxed elementor-section-height-default elementor-section-height-default\" data-id=\"8ce6f91\" data-element_type=\"section\" data-e-type=\"section\" data-settings=\"{&quot;background_background&quot;:&quot;classic&quot;,&quot;stretch_section&quot;:&quot;section-stretched&quot;}\">\n\t\t\t\t\t\t<div class=\"elementor-container elementor-column-gap-default\">\n\t\t\t\t\t<div class=\"elementor-column elementor-col-100 elementor-top-column elementor-element elementor-element-52c871e\" data-id=\"52c871e\" data-element_type=\"column\" data-e-type=\"column\" data-settings=\"{&quot;background_background&quot;:&quot;classic&quot;}\">\n\t\t\t<div class=\"elementor-widget-wrap elementor-element-populated\">\n\t\t\t\t\t\t<div class=\"elementor-element elementor-element-a4a5f85 elementor-mobile-align-center elementor-widget elementor-widget-button\" data-id=\"a4a5f85\" data-element_type=\"widget\" data-e-type=\"widget\" data-widget_type=\"button.default\">\n\t\t\t\t<div class=\"elementor-widget-container\">\n\t\t\t\t\t\t\t\t\t<div class=\"elementor-button-wrapper\">\n\t\t\t\t\t<a class=\"elementor-button elementor-button-link elementor-size-sm\" href=\"https:\/\/calendly.com\/valeriel-hypnose\" target=\"_blank\">\n\t\t\t\t\t\t<span class=\"elementor-button-content-wrapper\">\n\t\t\t\t\t\t<span class=\"elementor-button-icon\">\n\t\t\t\t<i aria-hidden=\"true\" class=\"far fa-calendar-alt\"><\/i>\t\t\t<\/span>\n\t\t\t\t\t\t\t\t\t<span class=\"elementor-button-text\">Prendre rendez-vous<\/span>\n\t\t\t\t\t<\/span>\n\t\t\t\t\t<\/a>\n\t\t\t\t<\/div>\n\t\t\t\t\t\t\t\t<\/div>\n\t\t\t\t<\/div>\n\t\t\t\t<div class=\"elementor-element elementor-element-2138b2f elementor-widget elementor-widget-text-editor\" data-id=\"2138b2f\" data-element_type=\"widget\" data-e-type=\"widget\" data-settings=\"{&quot;_animation_mobile&quot;:&quot;none&quot;}\" data-widget_type=\"text-editor.default\">\n\t\t\t\t<div class=\"elementor-widget-container\">\n\t\t\t\t\t\t\t\t\t<p class=\"has-text-align-center\" style=\"text-align: center;\"><strong>Pourquoi l\u2019hypnose\u00a0?<\/strong><\/p>\n<p style=\"text-align: center;\">Si vous \u00eates ici, \u00e0 me lire, c\u2019est probablement parce qu\u2019une partie de vous sait d\u00e9j\u00e0 intuitivement que l\u2019hypnose peut vous aider.<\/p>\n<p style=\"text-align: center;\">Lors d\u2019une s\u00e9ance, nous allons travailler en profondeur sur la cause \u00e9motionnelle du probl\u00e8me. Je dis \u00ab nous \u00bb car je ne peux pas agir \u00e0 votre place, lors de notre s\u00e9ance je vais proposer plusieurs messages \u00e0 votre inconscient et c\u2019est ce dernier qui va garder ceux qui seront le mieux adapt\u00e9s \u00e0 vos besoins.<\/p>\n<p style=\"text-align: center;\">Votre motivation et votre implication sont donc essentielles, souvenez-vous que TOUT EST DEJA EN VOUS !<\/p>\n<p style=\"text-align: center;\">Alors \u00eates-vous pr\u00eat \u00e0 changer ?<\/p>\t\t\t\t\t\t\t\t<\/div>\n\t\t\t\t<\/div>\n\t\t\t\t<div class=\"elementor-element elementor-element-f9f6b83 elementor-widget elementor-widget-text-editor\" data-id=\"f9f6b83\" data-element_type=\"widget\" data-e-type=\"widget\" data-settings=\"{&quot;_animation_mobile&quot;:&quot;none&quot;}\" data-widget_type=\"text-editor.default\">\n\t\t\t\t<div class=\"elementor-widget-container\">\n\t\t\t\t\t\t\t\t\t<p class=\"has-text-align-center\" style=\"text-align: center;\"><strong>Comment se d\u00e9roule une s\u00e9ance\u00a0?<\/strong><\/p>\n<p style=\"text-align: center;\">Lors de la prise de rendez-vous, nous \u00e9changerons sur le motif de votre venue, ce qui me permettra de personnaliser votre s\u00e9ance.<\/p>\n<p style=\"text-align: center;\">Une s\u00e9ance d\u2019hypnose dure environ une heure dont quarante minutes les yeux ferm\u00e9s. Une fois confortablement install\u00e9, vous plongerez en hypnose au son de ma voix et des histoires que je vais vous raconter.<\/p>\n<p style=\"text-align: center;\">Tout le monde peut entrer en hypnose et \u00e0 aucun moment vous n\u2019allez perdre le contr\u00f4le. L\u2019\u00e9tat d\u2019hypnose est un \u00e9tat de conscience modifi\u00e9 que vous exp\u00e9rimentez plusieurs fois par jour, quand vous conduisez, quand vous regardez la t\u00e9l\u00e9vision ou lorsque vous griffonnez sur un morceau de papier par exemple.<br \/>Vous savez, ce moment o\u00f9 l\u2019on est un peu \u00ab dans la lune \u00bb, un pied dans la r\u00e9alit\u00e9 et l\u2019autre dans l\u2019imaginaire. Vous restez conscient et vous \u00eates libre d\u2019accepter -ou non- ce que je vous sugg\u00e8re. Vous pouvez rouvrir les yeux \u00e0 tout moment.<\/p>\n<p>\u00a0<\/p>\t\t\t\t\t\t\t\t<\/div>\n\t\t\t\t<\/div>\n\t\t\t\t<div class=\"elementor-element elementor-element-4ebe28a elementor-widget elementor-widget-text-editor\" data-id=\"4ebe28a\" data-element_type=\"widget\" data-e-type=\"widget\" data-settings=\"{&quot;_animation_mobile&quot;:&quot;none&quot;}\" data-widget_type=\"text-editor.default\">\n\t\t\t\t<div class=\"elementor-widget-container\">\n\t\t\t\t\t\t\t\t\t<p class=\"has-text-align-center\" style=\"text-align: center;\"><strong>Et apr\u00e8s la s\u00e9ance\u00a0?<\/strong><\/p>\n<p style=\"text-align: center;\">Votre inconscient effectue les changements pendant la s\u00e9ance, puis dans les heures, les jours et les semaines \u00e0 venir.<\/p>\n<p style=\"text-align: center;\">\u00c0 la fin de la s\u00e9ance, si vous le souhaitez, nous pourrons \u00e9changer sur vos ressentis afin de vous permettre d\u2019appr\u00e9cier votre \u00e9tat de mieux-\u00eatre.<\/p>\n<p style=\"text-align: center;\">Je ne vous proposerai pas de nouveau rendez-vous, c\u2019est vous qui reviendrez vers moi quand vous en ressentirez le besoin. Il est impossible de savoir \u00e0 l\u2019avance quels changements l\u2019inconscient va effectuer et si une nouvelle s\u00e9ance est n\u00e9cessaire.<\/p>\n<p>\u00a0<\/p>\t\t\t\t\t\t\t\t<\/div>\n\t\t\t\t<\/div>\n\t\t\t\t<div class=\"elementor-element elementor-element-e34b16b elementor-arrows-position-inside elementor-pagination-position-outside elementor-widget elementor-widget-image-carousel\" data-id=\"e34b16b\" data-element_type=\"widget\" data-e-type=\"widget\" data-settings=\"{&quot;slides_to_show_mobile&quot;:&quot;1&quot;,&quot;navigation&quot;:&quot;both&quot;,&quot;autoplay&quot;:&quot;yes&quot;,&quot;pause_on_hover&quot;:&quot;yes&quot;,&quot;pause_on_interaction&quot;:&quot;yes&quot;,&quot;autoplay_speed&quot;:5000,&quot;infinite&quot;:&quot;yes&quot;,&quot;speed&quot;:500}\" data-widget_type=\"image-carousel.default\">\n\t\t\t\t<div class=\"elementor-widget-container\">\n\t\t\t\t\t\t\t<div class=\"elementor-image-carousel-wrapper swiper\" role=\"region\" aria-roledescription=\"carousel\" aria-label=\"Carrousel d\u2019images\" dir=\"ltr\">\n\t\t\t<div class=\"elementor-image-carousel swiper-wrapper\" aria-live=\"off\">\n\t\t\t\t\t\t\t\t<div class=\"swiper-slide\" role=\"group\" aria-roledescription=\"slide\" aria-label=\"1 sur 6\"><figure class=\"swiper-slide-inner\"><img decoding=\"async\" class=\"swiper-slide-image\" src=\"https:\/\/hypnose-orleans.fr\/wp-content\/uploads\/2025\/09\/IMG-20250829-WA0002-169x300.jpg\" alt=\"IMG-20250829-WA0002\" \/><\/figure><\/div><div class=\"swiper-slide\" role=\"group\" aria-roledescription=\"slide\" aria-label=\"2 sur 6\"><figure class=\"swiper-slide-inner\"><img decoding=\"async\" class=\"swiper-slide-image\" src=\"https:\/\/hypnose-orleans.fr\/wp-content\/uploads\/2025\/09\/IMG-20250829-WA0012-169x300.jpg\" alt=\"IMG-20250829-WA0012\" \/><\/figure><\/div><div class=\"swiper-slide\" role=\"group\" aria-roledescription=\"slide\" aria-label=\"3 sur 6\"><figure class=\"swiper-slide-inner\"><img decoding=\"async\" class=\"swiper-slide-image\" src=\"https:\/\/hypnose-orleans.fr\/wp-content\/uploads\/2025\/09\/IMG-20250829-WA0042-169x300.jpg\" alt=\"IMG-20250829-WA0042\" \/><\/figure><\/div><div class=\"swiper-slide\" role=\"group\" aria-roledescription=\"slide\" aria-label=\"4 sur 6\"><figure class=\"swiper-slide-inner\"><img decoding=\"async\" class=\"swiper-slide-image\" src=\"https:\/\/hypnose-orleans.fr\/wp-content\/uploads\/2025\/09\/IMG-20250829-WA0025-169x300.jpg\" alt=\"IMG-20250829-WA0025\" \/><\/figure><\/div><div class=\"swiper-slide\" role=\"group\" aria-roledescription=\"slide\" aria-label=\"5 sur 6\"><figure class=\"swiper-slide-inner\"><img decoding=\"async\" class=\"swiper-slide-image\" src=\"https:\/\/hypnose-orleans.fr\/wp-content\/uploads\/2025\/09\/IMG-20250829-WA0039-169x300.jpg\" alt=\"IMG-20250829-WA0039\" \/><\/figure><\/div><div class=\"swiper-slide\" role=\"group\" aria-roledescription=\"slide\" aria-label=\"6 sur 6\"><figure class=\"swiper-slide-inner\"><img decoding=\"async\" class=\"swiper-slide-image\" src=\"https:\/\/hypnose-orleans.fr\/wp-content\/uploads\/2025\/09\/IMG-20250829-WA0016-169x300.jpg\" alt=\"IMG-20250829-WA0016\" \/><\/figure><\/div>\t\t\t<\/div>\n\t\t\t\t\t\t\t\t\t\t\t\t<div class=\"elementor-swiper-button elementor-swiper-button-prev\" role=\"button\" tabindex=\"0\">\n\t\t\t\t\t\t<i aria-hidden=\"true\" class=\"eicon-chevron-left\"><\/i>\t\t\t\t\t<\/div>\n\t\t\t\t\t<div class=\"elementor-swiper-button elementor-swiper-button-next\" role=\"button\" tabindex=\"0\">\n\t\t\t\t\t\t<i aria-hidden=\"true\" class=\"eicon-chevron-right\"><\/i>\t\t\t\t\t<\/div>\n\t\t\t\t\n\t\t\t\t\t\t\t\t\t<div class=\"swiper-pagination\"><\/div>\n\t\t\t\t\t\t\t\t\t<\/div>\n\t\t\t\t\t\t<\/div>\n\t\t\t\t<\/div>\n\t\t\t\t\t<\/div>\n\t\t<\/div>\n\t\t\t\t\t<\/div>\n\t\t<\/section>\n\t\t\t\t<\/div>\n\t\t","protected":false},"excerpt":{"rendered":"<p>Prendre rendez-vous Pourquoi l\u2019hypnose\u00a0? Si vous \u00eates ici, \u00e0 me lire, c\u2019est probablement parce qu\u2019une partie de vous sait d\u00e9j\u00e0 intuitivement que l\u2019hypnose peut vous aider. Lors d\u2019une s\u00e9ance, nous &hellip; <\/p>\n","protected":false},"author":1,"featured_media":4266,"parent":0,"menu_order":0,"comment_status":"closed","ping_status":"closed","template":"","meta":{"footnotes":""},"class_list":["post-1539","page","type-page","status-publish","has-post-thumbnail","hentry"],"aioseo_notices":[],"_links":{"self":[{"href":"https:\/\/hypnose-orleans.fr\/index.php\/wp-json\/wp\/v2\/pages\/1539","targetHints":{"allow":["GET"]}}],"collection":[{"href":"https:\/\/hypnose-orleans.fr\/index.php\/wp-json\/wp\/v2\/pages"}],"about":[{"href":"https:\/\/hypnose-orleans.fr\/index.php\/wp-json\/wp\/v2\/types\/page"}],"author":[{"embeddable":true,"href":"https:\/\/hypnose-orleans.fr\/index.php\/wp-json\/wp\/v2\/users\/1"}],"replies":[{"embeddable":true,"href":"https:\/\/hypnose-orleans.fr\/index.php\/wp-json\/wp\/v2\/comments?post=1539"}],"version-history":[{"count":241,"href":"https:\/\/hypnose-orleans.fr\/index.php\/wp-json\/wp\/v2\/pages\/1539\/revisions"}],"predecessor-version":[{"id":4307,"href":"https:\/\/hypnose-orleans.fr\/index.php\/wp-json\/wp\/v2\/pages\/1539\/revisions\/4307"}],"wp:featuredmedia":[{"embeddable":true,"href":"https:\/\/hypnose-orleans.fr\/index.php\/wp-json\/wp\/v2\/media\/4266"}],"wp:attachment":[{"href":"https:\/\/hypnose-orleans.fr\/index.php\/wp-json\/wp\/v2\/media?parent=1539"}],"curies":[{"name":"wp","href":"https:\/\/api.w.org\/{rel}","templated":true}]}}